{"id":10,"date":"2020-10-30T17:54:19","date_gmt":"2020-10-30T17:54:19","guid":{"rendered":"http:\/\/ilir.hr\/?page_id=10"},"modified":"2020-12-12T15:58:13","modified_gmt":"2020-12-12T15:58:13","slug":"about","status":"publish","type":"page","link":"https:\/\/ilir.hr\/index.php\/about\/","title":{"rendered":"O nama"},"content":{"rendered":"\n<p>S dugogod\u0161njim iskustvom u izgradnji stambenih i ne stambenih gra\u0111evina 2014. godine smo se specijalizirali za pripremne i zavr\u0161ne zemljane radove u graditeljstvu. Nudimo usluge svih vrsta iskopa priklju\u010dkaka na infrastukruru vode i struje, te sve vrste iskopa potrebnih za po\u010detak gradnje (temelji, rovovi, upojni bunari, bazeni) kao i zavr\u0161na ure\u0111enja oku\u0107nica i zelenih povr\u0161ina.<\/p>\n","protected":false},"excerpt":{"rendered":"<p>S dugogod\u0161njim iskustvom u izgradnji stambenih i ne stambenih gra\u0111evina 2014. godine smo se specijalizirali za pripremne i zavr\u0161ne zemljane radove u graditeljstvu. Nudimo usluge svih vrsta iskopa priklju\u010dkaka na<\/p>\n<p class=\"more-link\"><a href=\"https:\/\/ilir.hr\/index.php\/about\/\" class=\"readmore\">Continue reading<svg class=\"icon icon-arrow-right\" aria-hidden=\"true\" role=\"img\"> <use href=\"#icon-arrow-right\" xlink:href=\"#icon-arrow-right\"><\/use> <\/svg><span class=\"screen-reader-text\">O nama<\/span><\/a><\/p>\n","protected":false},"author":2,"featured_media":0,"parent":0,"menu_order":0,"comment_status":"closed","ping_status":"closed","template":"","meta":[],"_links":{"self":[{"href":"https:\/\/ilir.hr\/index.php\/wp-json\/wp\/v2\/pages\/10"}],"collection":[{"href":"https:\/\/ilir.hr\/index.php\/wp-json\/wp\/v2\/pages"}],"about":[{"href":"https:\/\/ilir.hr\/index.php\/wp-json\/wp\/v2\/types\/page"}],"author":[{"embeddable":true,"href":"https:\/\/ilir.hr\/index.php\/wp-json\/wp\/v2\/users\/2"}],"replies":[{"embeddable":true,"href":"https:\/\/ilir.hr\/index.php\/wp-json\/wp\/v2\/comments?post=10"}],"version-history":[{"count":5,"href":"https:\/\/ilir.hr\/index.php\/wp-json\/wp\/v2\/pages\/10\/revisions"}],"predecessor-version":[{"id":107,"href":"https:\/\/ilir.hr\/index.php\/wp-json\/wp\/v2\/pages\/10\/revisions\/107"}],"wp:attachment":[{"href":"https:\/\/ilir.hr\/index.php\/wp-json\/wp\/v2\/media?parent=10"}],"curies":[{"name":"wp","href":"https:\/\/api.w.org\/{rel}","templated":true}]}}