{"id":9,"date":"2020-10-30T17:54:19","date_gmt":"2020-10-30T17:54:19","guid":{"rendered":"http:\/\/ilir.hr\/?page_id=9"},"modified":"2021-04-07T14:07:16","modified_gmt":"2021-04-07T14:07:16","slug":"home","status":"publish","type":"page","link":"https:\/\/ilir.hr\/","title":{"rendered":"&#8230;&#8230;&#8230;.."},"content":{"rendered":"\n<p>S dugogod\u0161njim iskustvom u izgradnji stambenih i ne stambenih gra\u0111evina 2014. godine smo se specijalizirali za pripremne i zavr\u0161ne zemljane radove u graditeljstvu. Nudimo usluge svih vrsta iskopa priklju\u010daka na infrastrukturu vode i struje, te sve vrste iskopa potrebnih za po\u010detak gradnje (temelji, rovovi, upojni bunari, bazeni) kao i zavr\u0161na ure\u0111enja oku\u0107nica i zelenih povr\u0161ina.<\/p>\n\n\n\n<figure class=\"wp-block-image alignwide size-large\"><img loading=\"lazy\" width=\"1024\" height=\"485\" src=\"http:\/\/ilir.hr\/wp-content\/uploads\/2020\/10\/20200707_165749-1024x485.jpg\" alt=\"\" class=\"wp-image-41\" srcset=\"https:\/\/ilir.hr\/wp-content\/uploads\/2020\/10\/20200707_165749-1024x485.jpg 1024w, https:\/\/ilir.hr\/wp-content\/uploads\/2020\/10\/20200707_165749-300x142.jpg 300w, https:\/\/ilir.hr\/wp-content\/uploads\/2020\/10\/20200707_165749-768x363.jpg 768w, https:\/\/ilir.hr\/wp-content\/uploads\/2020\/10\/20200707_165749-1536x727.jpg 1536w, https:\/\/ilir.hr\/wp-content\/uploads\/2020\/10\/20200707_165749-2048x969.jpg 2048w\" sizes=\"(max-width: 1024px) 100vw, 1024px\" \/><\/figure>\n\n\n\n<figure class=\"wp-block-image alignwide size-large\"><img loading=\"lazy\" width=\"1024\" height=\"485\" src=\"http:\/\/ilir.hr\/wp-content\/uploads\/2020\/10\/20200918_101409-1024x485.jpg\" alt=\"\" class=\"wp-image-42\" srcset=\"https:\/\/ilir.hr\/wp-content\/uploads\/2020\/10\/20200918_101409-1024x485.jpg 1024w, https:\/\/ilir.hr\/wp-content\/uploads\/2020\/10\/20200918_101409-300x142.jpg 300w, https:\/\/ilir.hr\/wp-content\/uploads\/2020\/10\/20200918_101409-768x364.jpg 768w, https:\/\/ilir.hr\/wp-content\/uploads\/2020\/10\/20200918_101409-1536x728.jpg 1536w, https:\/\/ilir.hr\/wp-content\/uploads\/2020\/10\/20200918_101409-2048x971.jpg 2048w\" sizes=\"(max-width: 1024px) 100vw, 1024px\" \/><\/figure>\n\n\n\n<figure class=\"wp-block-image alignwide size-large is-style-default\"><img loading=\"lazy\" width=\"1024\" height=\"485\" src=\"https:\/\/ilir.hr\/wp-content\/uploads\/2020\/12\/20201114_115729-1024x485.jpg\" alt=\"\" class=\"wp-image-101\" srcset=\"https:\/\/ilir.hr\/wp-content\/uploads\/2020\/12\/20201114_115729-1024x485.jpg 1024w, https:\/\/ilir.hr\/wp-content\/uploads\/2020\/12\/20201114_115729-300x142.jpg 300w, https:\/\/ilir.hr\/wp-content\/uploads\/2020\/12\/20201114_115729-768x364.jpg 768w, https:\/\/ilir.hr\/wp-content\/uploads\/2020\/12\/20201114_115729-1536x728.jpg 1536w, https:\/\/ilir.hr\/wp-content\/uploads\/2020\/12\/20201114_115729-2048x971.jpg 2048w\" sizes=\"(max-width: 1024px) 100vw, 1024px\" \/><\/figure>\n\n\n\n<figure class=\"wp-block-gallery alignwide columns-3 is-cropped\"><ul class=\"blocks-gallery-grid\"><li class=\"blocks-gallery-item\"><figure><img loading=\"lazy\" width=\"1024\" height=\"485\" src=\"https:\/\/ilir.hr\/wp-content\/uploads\/2020\/12\/20200605_151019-1024x485.jpg\" alt=\"\" data-id=\"152\" data-full-url=\"https:\/\/ilir.hr\/wp-content\/uploads\/2020\/12\/20200605_151019-scaled.jpg\" data-link=\"https:\/\/ilir.hr\/index.php\/home\/20200605_151019\/\" class=\"wp-image-152\" srcset=\"https:\/\/ilir.hr\/wp-content\/uploads\/2020\/12\/20200605_151019-1024x485.jpg 1024w, https:\/\/ilir.hr\/wp-content\/uploads\/2020\/12\/20200605_151019-300x142.jpg 300w, https:\/\/ilir.hr\/wp-content\/uploads\/2020\/12\/20200605_151019-768x363.jpg 768w, https:\/\/ilir.hr\/wp-content\/uploads\/2020\/12\/20200605_151019-1536x727.jpg 1536w, https:\/\/ilir.hr\/wp-content\/uploads\/2020\/12\/20200605_151019-2048x969.jpg 2048w\" sizes=\"(max-width: 1024px) 100vw, 1024px\" \/><\/figure><\/li><li class=\"blocks-gallery-item\"><figure><img loading=\"lazy\" width=\"1024\" height=\"485\" src=\"https:\/\/ilir.hr\/wp-content\/uploads\/2020\/12\/20200608_095351-1-1024x485.jpg\" alt=\"\" data-id=\"153\" data-full-url=\"https:\/\/ilir.hr\/wp-content\/uploads\/2020\/12\/20200608_095351-1-scaled.jpg\" data-link=\"https:\/\/ilir.hr\/index.php\/home\/20200608_095351-1\/\" class=\"wp-image-153\" srcset=\"https:\/\/ilir.hr\/wp-content\/uploads\/2020\/12\/20200608_095351-1-1024x485.jpg 1024w, https:\/\/ilir.hr\/wp-content\/uploads\/2020\/12\/20200608_095351-1-300x142.jpg 300w, https:\/\/ilir.hr\/wp-content\/uploads\/2020\/12\/20200608_095351-1-768x364.jpg 768w, https:\/\/ilir.hr\/wp-content\/uploads\/2020\/12\/20200608_095351-1-1536x728.jpg 1536w, https:\/\/ilir.hr\/wp-content\/uploads\/2020\/12\/20200608_095351-1-2048x971.jpg 2048w\" sizes=\"(max-width: 1024px) 100vw, 1024px\" \/><\/figure><\/li><li class=\"blocks-gallery-item\"><figure><img loading=\"lazy\" width=\"1024\" height=\"485\" src=\"https:\/\/ilir.hr\/wp-content\/uploads\/2020\/12\/20201119_075446-1024x485.jpg\" alt=\"\" data-id=\"155\" data-full-url=\"https:\/\/ilir.hr\/wp-content\/uploads\/2020\/12\/20201119_075446-scaled.jpg\" data-link=\"https:\/\/ilir.hr\/index.php\/home\/20201119_075446\/\" class=\"wp-image-155\" srcset=\"https:\/\/ilir.hr\/wp-content\/uploads\/2020\/12\/20201119_075446-1024x485.jpg 1024w, https:\/\/ilir.hr\/wp-content\/uploads\/2020\/12\/20201119_075446-300x142.jpg 300w, https:\/\/ilir.hr\/wp-content\/uploads\/2020\/12\/20201119_075446-768x364.jpg 768w, https:\/\/ilir.hr\/wp-content\/uploads\/2020\/12\/20201119_075446-1536x728.jpg 1536w, https:\/\/ilir.hr\/wp-content\/uploads\/2020\/12\/20201119_075446-2048x971.jpg 2048w\" sizes=\"(max-width: 1024px) 100vw, 1024px\" \/><\/figure><\/li><\/ul><\/figure>\n\n\n\n<figure class=\"wp-block-gallery alignwide columns-3 is-cropped\"><ul class=\"blocks-gallery-grid\"><li class=\"blocks-gallery-item\"><figure><img loading=\"lazy\" width=\"1024\" height=\"485\" src=\"https:\/\/ilir.hr\/wp-content\/uploads\/2020\/12\/20200124_123543-1-1024x485.jpg\" alt=\"\" data-id=\"146\" data-full-url=\"https:\/\/ilir.hr\/wp-content\/uploads\/2020\/12\/20200124_123543-1-scaled.jpg\" data-link=\"https:\/\/ilir.hr\/index.php\/home\/20200124_123543-1\/\" class=\"wp-image-146\" srcset=\"https:\/\/ilir.hr\/wp-content\/uploads\/2020\/12\/20200124_123543-1-1024x485.jpg 1024w, https:\/\/ilir.hr\/wp-content\/uploads\/2020\/12\/20200124_123543-1-300x142.jpg 300w, https:\/\/ilir.hr\/wp-content\/uploads\/2020\/12\/20200124_123543-1-768x363.jpg 768w, https:\/\/ilir.hr\/wp-content\/uploads\/2020\/12\/20200124_123543-1-1536x727.jpg 1536w, https:\/\/ilir.hr\/wp-content\/uploads\/2020\/12\/20200124_123543-1-2048x969.jpg 2048w\" sizes=\"(max-width: 1024px) 100vw, 1024px\" \/><\/figure><\/li><li class=\"blocks-gallery-item\"><figure><img loading=\"lazy\" width=\"1024\" height=\"485\" src=\"https:\/\/ilir.hr\/wp-content\/uploads\/2020\/12\/20200213_132356-1-1024x485.jpg\" alt=\"\" data-id=\"148\" data-full-url=\"https:\/\/ilir.hr\/wp-content\/uploads\/2020\/12\/20200213_132356-1-scaled.jpg\" data-link=\"https:\/\/ilir.hr\/index.php\/home\/20200213_132356-1\/\" class=\"wp-image-148\" srcset=\"https:\/\/ilir.hr\/wp-content\/uploads\/2020\/12\/20200213_132356-1-1024x485.jpg 1024w, https:\/\/ilir.hr\/wp-content\/uploads\/2020\/12\/20200213_132356-1-300x142.jpg 300w, https:\/\/ilir.hr\/wp-content\/uploads\/2020\/12\/20200213_132356-1-768x364.jpg 768w, https:\/\/ilir.hr\/wp-content\/uploads\/2020\/12\/20200213_132356-1-1536x728.jpg 1536w, https:\/\/ilir.hr\/wp-content\/uploads\/2020\/12\/20200213_132356-1-2048x971.jpg 2048w\" sizes=\"(max-width: 1024px) 100vw, 1024px\" \/><\/figure><\/li><li class=\"blocks-gallery-item\"><figure><img loading=\"lazy\" width=\"1024\" height=\"485\" src=\"https:\/\/ilir.hr\/wp-content\/uploads\/2020\/12\/20201022_133451-1-1024x485.jpg\" alt=\"\" data-id=\"151\" data-full-url=\"https:\/\/ilir.hr\/wp-content\/uploads\/2020\/12\/20201022_133451-1-scaled.jpg\" data-link=\"https:\/\/ilir.hr\/index.php\/home\/20201022_133451-1\/\" class=\"wp-image-151\" srcset=\"https:\/\/ilir.hr\/wp-content\/uploads\/2020\/12\/20201022_133451-1-1024x485.jpg 1024w, https:\/\/ilir.hr\/wp-content\/uploads\/2020\/12\/20201022_133451-1-300x142.jpg 300w, https:\/\/ilir.hr\/wp-content\/uploads\/2020\/12\/20201022_133451-1-768x364.jpg 768w, https:\/\/ilir.hr\/wp-content\/uploads\/2020\/12\/20201022_133451-1-1536x728.jpg 1536w, https:\/\/ilir.hr\/wp-content\/uploads\/2020\/12\/20201022_133451-1-2048x971.jpg 2048w\" sizes=\"(max-width: 1024px) 100vw, 1024px\" \/><\/figure><\/li><\/ul><\/figure>\n\n\n\n<figure class=\"wp-block-image alignwide size-large\"><img loading=\"lazy\" width=\"1024\" height=\"485\" src=\"http:\/\/ilir.hr\/wp-content\/uploads\/2020\/10\/20200918_074435-1024x485.jpg\" alt=\"\" class=\"wp-image-44\" srcset=\"https:\/\/ilir.hr\/wp-content\/uploads\/2020\/10\/20200918_074435-1024x485.jpg 1024w, https:\/\/ilir.hr\/wp-content\/uploads\/2020\/10\/20200918_074435-300x142.jpg 300w, https:\/\/ilir.hr\/wp-content\/uploads\/2020\/10\/20200918_074435-768x364.jpg 768w, https:\/\/ilir.hr\/wp-content\/uploads\/2020\/10\/20200918_074435-1536x728.jpg 1536w, https:\/\/ilir.hr\/wp-content\/uploads\/2020\/10\/20200918_074435-2048x971.jpg 2048w\" sizes=\"(max-width: 1024px) 100vw, 1024px\" \/><\/figure>\n\n\n\n<figure class=\"wp-block-gallery alignwide columns-3 is-cropped\"><ul class=\"blocks-gallery-grid\"><li class=\"blocks-gallery-item\"><figure><img loading=\"lazy\" width=\"485\" height=\"1024\" src=\"https:\/\/ilir.hr\/wp-content\/uploads\/2020\/12\/20191017_125315-2-485x1024.jpg\" alt=\"\" data-id=\"157\" data-full-url=\"https:\/\/ilir.hr\/wp-content\/uploads\/2020\/12\/20191017_125315-2-scaled.jpg\" data-link=\"https:\/\/ilir.hr\/index.php\/home\/20191017_125315-2\/\" class=\"wp-image-157\" srcset=\"https:\/\/ilir.hr\/wp-content\/uploads\/2020\/12\/20191017_125315-2-485x1024.jpg 485w, https:\/\/ilir.hr\/wp-content\/uploads\/2020\/12\/20191017_125315-2-142x300.jpg 142w, https:\/\/ilir.hr\/wp-content\/uploads\/2020\/12\/20191017_125315-2-768x1620.jpg 768w, https:\/\/ilir.hr\/wp-content\/uploads\/2020\/12\/20191017_125315-2-728x1536.jpg 728w, https:\/\/ilir.hr\/wp-content\/uploads\/2020\/12\/20191017_125315-2-971x2048.jpg 971w, https:\/\/ilir.hr\/wp-content\/uploads\/2020\/12\/20191017_125315-2-scaled.jpg 1213w\" sizes=\"(max-width: 485px) 100vw, 485px\" \/><\/figure><\/li><li class=\"blocks-gallery-item\"><figure><img loading=\"lazy\" width=\"485\" height=\"1024\" src=\"https:\/\/ilir.hr\/wp-content\/uploads\/2020\/12\/20200309_100810-2-485x1024.jpg\" alt=\"\" data-id=\"159\" data-full-url=\"https:\/\/ilir.hr\/wp-content\/uploads\/2020\/12\/20200309_100810-2-scaled.jpg\" data-link=\"https:\/\/ilir.hr\/index.php\/home\/20200309_100810-2\/\" class=\"wp-image-159\" srcset=\"https:\/\/ilir.hr\/wp-content\/uploads\/2020\/12\/20200309_100810-2-485x1024.jpg 485w, https:\/\/ilir.hr\/wp-content\/uploads\/2020\/12\/20200309_100810-2-142x300.jpg 142w, https:\/\/ilir.hr\/wp-content\/uploads\/2020\/12\/20200309_100810-2-768x1620.jpg 768w, https:\/\/ilir.hr\/wp-content\/uploads\/2020\/12\/20200309_100810-2-728x1536.jpg 728w, https:\/\/ilir.hr\/wp-content\/uploads\/2020\/12\/20200309_100810-2-971x2048.jpg 971w, https:\/\/ilir.hr\/wp-content\/uploads\/2020\/12\/20200309_100810-2-scaled.jpg 1213w\" sizes=\"(max-width: 485px) 100vw, 485px\" \/><\/figure><\/li><li class=\"blocks-gallery-item\"><figure><img loading=\"lazy\" width=\"485\" height=\"1024\" src=\"https:\/\/ilir.hr\/wp-content\/uploads\/2020\/12\/20200318_153539-2-485x1024.jpg\" alt=\"\" data-id=\"162\" data-full-url=\"https:\/\/ilir.hr\/wp-content\/uploads\/2020\/12\/20200318_153539-2-scaled.jpg\" data-link=\"https:\/\/ilir.hr\/index.php\/home\/20200318_153539-2\/\" class=\"wp-image-162\" srcset=\"https:\/\/ilir.hr\/wp-content\/uploads\/2020\/12\/20200318_153539-2-485x1024.jpg 485w, https:\/\/ilir.hr\/wp-content\/uploads\/2020\/12\/20200318_153539-2-142x300.jpg 142w, https:\/\/ilir.hr\/wp-content\/uploads\/2020\/12\/20200318_153539-2-768x1620.jpg 768w, https:\/\/ilir.hr\/wp-content\/uploads\/2020\/12\/20200318_153539-2-728x1536.jpg 728w, https:\/\/ilir.hr\/wp-content\/uploads\/2020\/12\/20200318_153539-2-971x2048.jpg 971w, https:\/\/ilir.hr\/wp-content\/uploads\/2020\/12\/20200318_153539-2-scaled.jpg 1213w\" sizes=\"(max-width: 485px) 100vw, 485px\" \/><\/figure><\/li><\/ul><\/figure>\n\n\n\n<figure class=\"wp-block-image alignwide size-large is-style-default\"><img loading=\"lazy\" width=\"1024\" height=\"485\" src=\"http:\/\/ilir.hr\/wp-content\/uploads\/2020\/10\/20200901_105652-1024x485.jpg\" alt=\"\" class=\"wp-image-43\" srcset=\"https:\/\/ilir.hr\/wp-content\/uploads\/2020\/10\/20200901_105652-1024x485.jpg 1024w, https:\/\/ilir.hr\/wp-content\/uploads\/2020\/10\/20200901_105652-300x142.jpg 300w, https:\/\/ilir.hr\/wp-content\/uploads\/2020\/10\/20200901_105652-768x364.jpg 768w, https:\/\/ilir.hr\/wp-content\/uploads\/2020\/10\/20200901_105652-1536x728.jpg 1536w, https:\/\/ilir.hr\/wp-content\/uploads\/2020\/10\/20200901_105652-2048x971.jpg 2048w\" sizes=\"(max-width: 1024px) 100vw, 1024px\" \/><\/figure>\n\n\n\n<figure class=\"wp-block-gallery alignwide columns-2 is-cropped\"><ul class=\"blocks-gallery-grid\"><li class=\"blocks-gallery-item\"><figure><img loading=\"lazy\" width=\"1024\" height=\"485\" src=\"https:\/\/ilir.hr\/wp-content\/uploads\/2020\/12\/20191017_141829-2-1024x485.jpg\" alt=\"\" data-id=\"131\" data-full-url=\"https:\/\/ilir.hr\/wp-content\/uploads\/2020\/12\/20191017_141829-2-scaled.jpg\" data-link=\"https:\/\/ilir.hr\/index.php\/home\/20191017_141829-2\/\" class=\"wp-image-131\" srcset=\"https:\/\/ilir.hr\/wp-content\/uploads\/2020\/12\/20191017_141829-2-1024x485.jpg 1024w, https:\/\/ilir.hr\/wp-content\/uploads\/2020\/12\/20191017_141829-2-300x142.jpg 300w, https:\/\/ilir.hr\/wp-content\/uploads\/2020\/12\/20191017_141829-2-768x364.jpg 768w, https:\/\/ilir.hr\/wp-content\/uploads\/2020\/12\/20191017_141829-2-1536x728.jpg 1536w, https:\/\/ilir.hr\/wp-content\/uploads\/2020\/12\/20191017_141829-2-2048x971.jpg 2048w\" sizes=\"(max-width: 1024px) 100vw, 1024px\" \/><\/figure><\/li><li class=\"blocks-gallery-item\"><figure><img loading=\"lazy\" width=\"1024\" height=\"485\" src=\"https:\/\/ilir.hr\/wp-content\/uploads\/2020\/12\/20200608_095351-1024x485.jpg\" alt=\"\" data-id=\"133\" data-full-url=\"https:\/\/ilir.hr\/wp-content\/uploads\/2020\/12\/20200608_095351-scaled.jpg\" data-link=\"https:\/\/ilir.hr\/index.php\/home\/20200608_095351\/\" class=\"wp-image-133\" srcset=\"https:\/\/ilir.hr\/wp-content\/uploads\/2020\/12\/20200608_095351-1024x485.jpg 1024w, https:\/\/ilir.hr\/wp-content\/uploads\/2020\/12\/20200608_095351-300x142.jpg 300w, https:\/\/ilir.hr\/wp-content\/uploads\/2020\/12\/20200608_095351-768x364.jpg 768w, https:\/\/ilir.hr\/wp-content\/uploads\/2020\/12\/20200608_095351-1536x728.jpg 1536w, https:\/\/ilir.hr\/wp-content\/uploads\/2020\/12\/20200608_095351-2048x971.jpg 2048w\" sizes=\"(max-width: 1024px) 100vw, 1024px\" \/><\/figure><\/li><\/ul><\/figure>\n\n\n\n<figure class=\"wp-block-image alignwide size-large\"><img loading=\"lazy\" width=\"1024\" height=\"485\" src=\"http:\/\/ilir.hr\/wp-content\/uploads\/2020\/10\/20200507_081245-1024x485.jpg\" alt=\"\" class=\"wp-image-46\" srcset=\"https:\/\/ilir.hr\/wp-content\/uploads\/2020\/10\/20200507_081245-1024x485.jpg 1024w, https:\/\/ilir.hr\/wp-content\/uploads\/2020\/10\/20200507_081245-300x142.jpg 300w, https:\/\/ilir.hr\/wp-content\/uploads\/2020\/10\/20200507_081245-768x364.jpg 768w, https:\/\/ilir.hr\/wp-content\/uploads\/2020\/10\/20200507_081245-1536x728.jpg 1536w, https:\/\/ilir.hr\/wp-content\/uploads\/2020\/10\/20200507_081245-2048x971.jpg 2048w\" sizes=\"(max-width: 1024px) 100vw, 1024px\" \/><\/figure>\n\n\n\n<figure class=\"wp-block-gallery alignwide columns-2 is-cropped\"><ul class=\"blocks-gallery-grid\"><li class=\"blocks-gallery-item\"><figure><img loading=\"lazy\" width=\"1024\" height=\"485\" src=\"https:\/\/ilir.hr\/wp-content\/uploads\/2020\/12\/20191111_124249-1024x485.jpg\" alt=\"\" data-id=\"136\" data-full-url=\"https:\/\/ilir.hr\/wp-content\/uploads\/2020\/12\/20191111_124249-scaled.jpg\" data-link=\"https:\/\/ilir.hr\/index.php\/home\/20191111_124249\/\" class=\"wp-image-136\" srcset=\"https:\/\/ilir.hr\/wp-content\/uploads\/2020\/12\/20191111_124249-1024x485.jpg 1024w, https:\/\/ilir.hr\/wp-content\/uploads\/2020\/12\/20191111_124249-300x142.jpg 300w, https:\/\/ilir.hr\/wp-content\/uploads\/2020\/12\/20191111_124249-768x364.jpg 768w, https:\/\/ilir.hr\/wp-content\/uploads\/2020\/12\/20191111_124249-1536x728.jpg 1536w, https:\/\/ilir.hr\/wp-content\/uploads\/2020\/12\/20191111_124249-2048x971.jpg 2048w\" sizes=\"(max-width: 1024px) 100vw, 1024px\" \/><\/figure><\/li><li class=\"blocks-gallery-item\"><figure><img loading=\"lazy\" width=\"1024\" height=\"485\" src=\"https:\/\/ilir.hr\/wp-content\/uploads\/2020\/12\/20191219_090024-1024x485.jpg\" alt=\"\" data-id=\"137\" data-full-url=\"https:\/\/ilir.hr\/wp-content\/uploads\/2020\/12\/20191219_090024-scaled.jpg\" data-link=\"https:\/\/ilir.hr\/index.php\/home\/20191219_090024\/\" class=\"wp-image-137\" srcset=\"https:\/\/ilir.hr\/wp-content\/uploads\/2020\/12\/20191219_090024-1024x485.jpg 1024w, https:\/\/ilir.hr\/wp-content\/uploads\/2020\/12\/20191219_090024-300x142.jpg 300w, https:\/\/ilir.hr\/wp-content\/uploads\/2020\/12\/20191219_090024-768x363.jpg 768w, https:\/\/ilir.hr\/wp-content\/uploads\/2020\/12\/20191219_090024-1536x727.jpg 1536w, https:\/\/ilir.hr\/wp-content\/uploads\/2020\/12\/20191219_090024-2048x969.jpg 2048w\" sizes=\"(max-width: 1024px) 100vw, 1024px\" \/><\/figure><\/li><\/ul><\/figure>\n\n\n\n<figure class=\"wp-block-gallery columns-3 is-cropped\"><ul class=\"blocks-gallery-grid\"><li class=\"blocks-gallery-item\"><figure><img loading=\"lazy\" width=\"1024\" height=\"485\" src=\"https:\/\/ilir.hr\/wp-content\/uploads\/2021\/04\/20210319_125020-1024x485.jpg\" alt=\"\" data-id=\"173\" class=\"wp-image-173\" srcset=\"https:\/\/ilir.hr\/wp-content\/uploads\/2021\/04\/20210319_125020-1024x485.jpg 1024w, https:\/\/ilir.hr\/wp-content\/uploads\/2021\/04\/20210319_125020-300x142.jpg 300w, https:\/\/ilir.hr\/wp-content\/uploads\/2021\/04\/20210319_125020-768x364.jpg 768w, https:\/\/ilir.hr\/wp-content\/uploads\/2021\/04\/20210319_125020-1536x728.jpg 1536w, https:\/\/ilir.hr\/wp-content\/uploads\/2021\/04\/20210319_125020-2048x971.jpg 2048w\" sizes=\"(max-width: 1024px) 100vw, 1024px\" \/><\/figure><\/li><li class=\"blocks-gallery-item\"><figure><img loading=\"lazy\" width=\"1024\" height=\"485\" src=\"https:\/\/ilir.hr\/wp-content\/uploads\/2021\/04\/20210316_164343-1024x485.jpg\" alt=\"\" data-id=\"174\" data-full-url=\"https:\/\/ilir.hr\/wp-content\/uploads\/2021\/04\/20210316_164343-scaled.jpg\" data-link=\"https:\/\/ilir.hr\/index.php\/home\/20210316_164343\/\" class=\"wp-image-174\" srcset=\"https:\/\/ilir.hr\/wp-content\/uploads\/2021\/04\/20210316_164343-1024x485.jpg 1024w, https:\/\/ilir.hr\/wp-content\/uploads\/2021\/04\/20210316_164343-300x142.jpg 300w, https:\/\/ilir.hr\/wp-content\/uploads\/2021\/04\/20210316_164343-768x363.jpg 768w, https:\/\/ilir.hr\/wp-content\/uploads\/2021\/04\/20210316_164343-1536x727.jpg 1536w, https:\/\/ilir.hr\/wp-content\/uploads\/2021\/04\/20210316_164343-2048x969.jpg 2048w\" sizes=\"(max-width: 1024px) 100vw, 1024px\" \/><\/figure><\/li><li class=\"blocks-gallery-item\"><figure><img loading=\"lazy\" width=\"1024\" height=\"485\" src=\"https:\/\/ilir.hr\/wp-content\/uploads\/2021\/04\/20210315_165416-1024x485.jpg\" alt=\"\" data-id=\"175\" data-full-url=\"https:\/\/ilir.hr\/wp-content\/uploads\/2021\/04\/20210315_165416-scaled.jpg\" data-link=\"https:\/\/ilir.hr\/index.php\/home\/20210315_165416\/\" class=\"wp-image-175\" srcset=\"https:\/\/ilir.hr\/wp-content\/uploads\/2021\/04\/20210315_165416-1024x485.jpg 1024w, https:\/\/ilir.hr\/wp-content\/uploads\/2021\/04\/20210315_165416-300x142.jpg 300w, https:\/\/ilir.hr\/wp-content\/uploads\/2021\/04\/20210315_165416-768x363.jpg 768w, https:\/\/ilir.hr\/wp-content\/uploads\/2021\/04\/20210315_165416-1536x727.jpg 1536w, https:\/\/ilir.hr\/wp-content\/uploads\/2021\/04\/20210315_165416-2048x969.jpg 2048w\" sizes=\"(max-width: 1024px) 100vw, 1024px\" \/><\/figure><\/li><li class=\"blocks-gallery-item\"><figure><img loading=\"lazy\" width=\"1024\" height=\"485\" src=\"https:\/\/ilir.hr\/wp-content\/uploads\/2021\/04\/20210319_083844-1024x485.jpg\" alt=\"\" data-id=\"176\" data-full-url=\"https:\/\/ilir.hr\/wp-content\/uploads\/2021\/04\/20210319_083844-scaled.jpg\" data-link=\"https:\/\/ilir.hr\/index.php\/home\/20210319_083844\/\" class=\"wp-image-176\" srcset=\"https:\/\/ilir.hr\/wp-content\/uploads\/2021\/04\/20210319_083844-1024x485.jpg 1024w, https:\/\/ilir.hr\/wp-content\/uploads\/2021\/04\/20210319_083844-300x142.jpg 300w, https:\/\/ilir.hr\/wp-content\/uploads\/2021\/04\/20210319_083844-768x364.jpg 768w, https:\/\/ilir.hr\/wp-content\/uploads\/2021\/04\/20210319_083844-1536x728.jpg 1536w, https:\/\/ilir.hr\/wp-content\/uploads\/2021\/04\/20210319_083844-2048x971.jpg 2048w\" sizes=\"(max-width: 1024px) 100vw, 1024px\" \/><\/figure><\/li><li class=\"blocks-gallery-item\"><figure><img loading=\"lazy\" width=\"1024\" height=\"485\" src=\"https:\/\/ilir.hr\/wp-content\/uploads\/2021\/04\/20210401_132508-1024x485.jpg\" alt=\"\" data-id=\"177\" data-full-url=\"https:\/\/ilir.hr\/wp-content\/uploads\/2021\/04\/20210401_132508-scaled.jpg\" data-link=\"https:\/\/ilir.hr\/index.php\/home\/20210401_132508\/\" class=\"wp-image-177\" srcset=\"https:\/\/ilir.hr\/wp-content\/uploads\/2021\/04\/20210401_132508-1024x485.jpg 1024w, https:\/\/ilir.hr\/wp-content\/uploads\/2021\/04\/20210401_132508-300x142.jpg 300w, https:\/\/ilir.hr\/wp-content\/uploads\/2021\/04\/20210401_132508-768x364.jpg 768w, https:\/\/ilir.hr\/wp-content\/uploads\/2021\/04\/20210401_132508-1536x728.jpg 1536w, https:\/\/ilir.hr\/wp-content\/uploads\/2021\/04\/20210401_132508-2048x971.jpg 2048w\" sizes=\"(max-width: 1024px) 100vw, 1024px\" \/><\/figure><\/li><li class=\"blocks-gallery-item\"><figure><img loading=\"lazy\" width=\"485\" height=\"1024\" src=\"https:\/\/ilir.hr\/wp-content\/uploads\/2021\/04\/20210401_132540_0-1-485x1024.jpg\" alt=\"\" data-id=\"178\" data-full-url=\"https:\/\/ilir.hr\/wp-content\/uploads\/2021\/04\/20210401_132540_0-1-scaled.jpg\" data-link=\"https:\/\/ilir.hr\/index.php\/home\/20210401_132540_0-1\/\" class=\"wp-image-178\" srcset=\"https:\/\/ilir.hr\/wp-content\/uploads\/2021\/04\/20210401_132540_0-1-485x1024.jpg 485w, https:\/\/ilir.hr\/wp-content\/uploads\/2021\/04\/20210401_132540_0-1-142x300.jpg 142w, https:\/\/ilir.hr\/wp-content\/uploads\/2021\/04\/20210401_132540_0-1-768x1623.jpg 768w, https:\/\/ilir.hr\/wp-content\/uploads\/2021\/04\/20210401_132540_0-1-727x1536.jpg 727w, https:\/\/ilir.hr\/wp-content\/uploads\/2021\/04\/20210401_132540_0-1-969x2048.jpg 969w, https:\/\/ilir.hr\/wp-content\/uploads\/2021\/04\/20210401_132540_0-1-scaled.jpg 1211w\" sizes=\"(max-width: 485px) 100vw, 485px\" \/><\/figure><\/li><\/ul><\/figure>\n\n\n\n<blockquote class=\"wp-block-quote is-style-large\"><p>Najbolja potvrda na\u0161eg uspje\u0161nog rada su mnogobrojni zadovoljni klijenti.<\/p><cite>&#8230;&#8230;&#8230;.<\/cite><\/blockquote>\n\n\n\n<p><\/p>\n\n\n\n<p>&#8220;Brz i efikasan, prezadovoljan uslugom. Preporu\u010dujem!!&#8221;,  Vladimir K.<\/p>\n\n\n\n<p>&#8220;Vrlo zadovoljan, profesionalna usluga, sve po dogovoru i na vrijeme&#8221;, Mario J.<\/p>\n\n\n\n<p>&#8220;Svaka pohvala za iskop i ostavljeno \u010disto gradili\u0161te&#8221;, Miro B.<\/p>\n\n\n\n<p><\/p>\n","protected":false},"excerpt":{"rendered":"<p>S dugogod\u0161njim iskustvom u izgradnji stambenih i ne stambenih gra\u0111evina 2014. godine smo se specijalizirali za pripremne i zavr\u0161ne zemljane radove u graditeljstvu. Nudimo usluge svih vrsta iskopa priklju\u010daka na<\/p>\n<p class=\"more-link\"><a href=\"https:\/\/ilir.hr\/\" class=\"readmore\">Continue reading<svg class=\"icon icon-arrow-right\" aria-hidden=\"true\" role=\"img\"> <use href=\"#icon-arrow-right\" xlink:href=\"#icon-arrow-right\"><\/use> <\/svg><span class=\"screen-reader-text\">&#8230;&#8230;&#8230;..<\/span><\/a><\/p>\n","protected":false},"author":2,"featured_media":0,"parent":0,"menu_order":0,"comment_status":"closed","ping_status":"closed","template":"","meta":[],"_links":{"self":[{"href":"https:\/\/ilir.hr\/index.php\/wp-json\/wp\/v2\/pages\/9"}],"collection":[{"href":"https:\/\/ilir.hr\/index.php\/wp-json\/wp\/v2\/pages"}],"about":[{"href":"https:\/\/ilir.hr\/index.php\/wp-json\/wp\/v2\/types\/page"}],"author":[{"embeddable":true,"href":"https:\/\/ilir.hr\/index.php\/wp-json\/wp\/v2\/users\/2"}],"replies":[{"embeddable":true,"href":"https:\/\/ilir.hr\/index.php\/wp-json\/wp\/v2\/comments?post=9"}],"version-history":[{"count":34,"href":"https:\/\/ilir.hr\/index.php\/wp-json\/wp\/v2\/pages\/9\/revisions"}],"predecessor-version":[{"id":180,"href":"https:\/\/ilir.hr\/index.php\/wp-json\/wp\/v2\/pages\/9\/revisions\/180"}],"wp:attachment":[{"href":"https:\/\/ilir.hr\/index.php\/wp-json\/wp\/v2\/media?parent=9"}],"curies":[{"name":"wp","href":"https:\/\/api.w.org\/{rel}","templated":true}]}}